{"id":598,"date":"2017-01-01T14:28:48","date_gmt":"2017-01-01T14:28:48","guid":{"rendered":"https:\/\/www.fla-shop.com\/blog\/?p=598"},"modified":"2022-05-23T09:25:55","modified_gmt":"2022-05-23T09:25:55","slug":"mappa-del-mondo-per-wordpress","status":"publish","type":"page","link":"https:\/\/www.fla-shop.com\/blog\/mappa-del-mondo-per-wordpress\/","title":{"rendered":"World map for WordPress in Italian"},"content":{"rendered":"\n<div class=\"wp-block-group article_md_block\"><div class=\"wp-block-group__inner-container is-layout-flow wp-block-group-is-layout-flow\">\n<div id=\"map-container\"><svg style=\"width:100%\" viewBox=\"0 0 600 400\" xmlns=\"http:\/\/www.w3.org\/2000\/svg\"><path d=\"M 0.0,0.0 V 400 H 600 V 0.0 Z\" fill=\"#FFFFFF\"><\/path><\/svg><\/div>\n<link rel=\"stylesheet\" href=\"\/blog\/wp-content\/uploads\/2018\/maps\/worldcountries\/map.css\">\n<script src=\"\/blog\/wp-content\/uploads\/2018\/maps\/worldcountries\/raphael.min.js\"><\/script>\n<script src=\"\/blog\/wp-content\/uploads\/2018\/maps\/worldcountries\/settings-it.js\"><\/script>\n<script src=\"\/blog\/wp-content\/uploads\/2018\/maps\/worldcountries\/paths.js\"><\/script>\n<script src=\"\/blog\/wp-content\/uploads\/2018\/maps\/worldcountries\/map.js\"><\/script>\n<script>\nvar map = new FlaMap(map_cfg);\ndocument.getElementById('map-container').innerHTML = '';\nmap.draw('map-container');\n<\/script>\n<\/div><\/div>\n\n\n\n<p><\/p>\n\n\n\n<div class=\"wp-block-group article_sm_block\"><div class=\"wp-block-group__inner-container is-layout-flow wp-block-group-is-layout-flow\">\n<h2 class=\"wp-block-heading\">Download the language pack<\/h2>\n\n\n\n<ul class=\"article_sm_block wp-block-list\"><li>Download the file <a href=\"https:\/\/www.fla-shop.com\/download\/freebies\/language-packs\/worldcountries-it.zip\"><strong>worldcountries-it.zip<\/strong><\/a>.<\/li><li>Extract the <strong>worldcountries-it.json<\/strong> file from the ZIP file.<\/li><li>Import the JSON file on the Maps Dashboard page in the plugin.<\/li><\/ul>\n\n\n\n<p>A detailed guide with screenshots can be found in the post <a href=\"https:\/\/www.fla-shop.com\/blog\/world-map-with-localized-country-names-for-wordpress-websites\/\">How to Make a World Map with Localized Country Names<\/a><\/p>\n\n\n\n<div class=\"wp-block-image\"><figure class=\"aligncenter\"><img decoding=\"async\" src=\"https:\/\/www.fla-shop.com\/blog\/wp-content\/uploads\/2019\/12\/multilingual-world-map.png\" alt=\"Multilingual World Map\"\/><\/figure><\/div>\n\n\n\n<h2 class=\"wp-block-heading\">List of country names in Italian<\/h2>\n\n\n\n<ul style=\"column-count: auto; column-width: 200px;\">\n\n \t<li>Afghanistan<\/li>\n \t<li>Albania<\/li>\n \t<li>Algeria<\/li>\n \t<li>Altre isole americane del Pacifico<\/li>\n \t<li>Andorra<\/li>\n \t<li>Angola<\/li>\n \t<li>Anguilla<\/li>\n \t<li>Antartide<\/li>\n \t<li>Antigua e Barbuda<\/li>\n \t<li>Arabia Saudita<\/li>\n \t<li>Argentina<\/li>\n \t<li>Armenia<\/li>\n \t<li>Aruba<\/li>\n \t<li>Australia<\/li>\n \t<li>Austria<\/li>\n \t<li>Azerbaigian<\/li>\n \t<li>Bahamas<\/li>\n \t<li>Bahrein<\/li>\n \t<li>Bangladesh<\/li>\n \t<li>Barbados<\/li>\n \t<li>Belgio<\/li>\n \t<li>Belize<\/li>\n \t<li>Benin<\/li>\n \t<li>Bermuda<\/li>\n \t<li>Bhutan<\/li>\n \t<li>Bielorussia<\/li>\n \t<li>Bolivia<\/li>\n \t<li>Bosnia ed Erzegovina<\/li>\n \t<li>Botswana<\/li>\n \t<li>Brasile<\/li>\n \t<li>Brunei<\/li>\n \t<li>Bulgaria<\/li>\n \t<li>Burkina Faso<\/li>\n \t<li>Burundi<\/li>\n \t<li>Cambogia<\/li>\n \t<li>Camerun<\/li>\n \t<li>Canada<\/li>\n \t<li>Capo Verde<\/li>\n \t<li>Caraibi olandesi<\/li>\n \t<li>C\u00e8chia<\/li>\n \t<li>Ciad<\/li>\n \t<li>Cile<\/li>\n \t<li>Cina<\/li>\n \t<li>Cipro<\/li>\n \t<li>Citt\u00e0 del Vaticano<\/li>\n \t<li>Colombia<\/li>\n \t<li>Comore<\/li>\n \t<li>Congo &#8211; Kinshasa<\/li>\n \t<li>Congo-Brazzaville<\/li>\n \t<li>Corea del Nord<\/li>\n \t<li>Corea del Sud<\/li>\n \t<li>Costa d\u2019Avorio<\/li>\n \t<li>Costa Rica<\/li>\n \t<li>Croazia<\/li>\n \t<li>Cuba<\/li>\n \t<li>Cura\u00e7ao<\/li>\n \t<li>Danimarca<\/li>\n \t<li>Dominica<\/li>\n \t<li>Ecuador<\/li>\n \t<li>Egitto<\/li>\n \t<li>El Salvador<\/li>\n \t<li>Emirati Arabi Uniti<\/li>\n \t<li>Eritrea<\/li>\n \t<li>Estonia<\/li>\n \t<li>Etiopia<\/li>\n \t<li>Figi<\/li>\n \t<li>Filippine<\/li>\n \t<li>Finlandia<\/li>\n \t<li>Francia<\/li>\n \t<li>Gabon<\/li>\n \t<li>Gambia<\/li>\n \t<li>Georgia<\/li>\n \t<li>Georgia del Sud e Sandwich australi<\/li>\n \t<li>Germania<\/li>\n \t<li>Ghana<\/li>\n \t<li>Giamaica<\/li>\n \t<li>Giappone<\/li>\n \t<li>Gibilterra<\/li>\n \t<li>Gibuti<\/li>\n \t<li>Giordania<\/li>\n \t<li>Grecia<\/li>\n \t<li>Grenada<\/li>\n \t<li>Groenlandia<\/li>\n \t<li>Guadalupa<\/li>\n \t<li>Guam<\/li>\n \t<li>Guatemala<\/li>\n \t<li>Guernsey<\/li>\n \t<li>Guinea<\/li>\n \t<li>Guinea Equatoriale<\/li>\n \t<li>Guinea-Bissau<\/li>\n \t<li>Guyana<\/li>\n \t<li>Guyana francese<\/li>\n \t<li>Haiti<\/li>\n \t<li>Honduras<\/li>\n \t<li>India<\/li>\n \t<li>Indonesia<\/li>\n \t<li>Iran<\/li>\n \t<li>Iraq<\/li>\n \t<li>Irlanda<\/li>\n \t<li>Islanda<\/li>\n \t<li>Isola Bouvet<\/li>\n \t<li>Isola Christmas<\/li>\n \t<li>Isola di Man<\/li>\n \t<li>Isola Norfolk<\/li>\n \t<li>Isole \u00c5land<\/li>\n \t<li>Isole Cayman<\/li>\n \t<li>Isole Cocos (Keeling)<\/li>\n \t<li>Isole Cook<\/li>\n \t<li>Isole F\u00e6r \u00d8er<\/li>\n \t<li>Isole Falkland<\/li>\n \t<li>Isole Heard e McDonald<\/li>\n \t<li>Isole Marianne settentrionali<\/li>\n \t<li>Isole Marshall<\/li>\n \t<li>Isole Pitcairn<\/li>\n \t<li>Isole Salomone<\/li>\n \t<li>Isole Turks e Caicos<\/li>\n \t<li>Isole Vergini Americane<\/li>\n \t<li>Isole Vergini Britanniche<\/li>\n \t<li>Israele<\/li>\n \t<li>Italia<\/li>\n \t<li>Jersey<\/li>\n \t<li>Kazakistan<\/li>\n \t<li>Kenya<\/li>\n \t<li>Kirghizistan<\/li>\n \t<li>Kiribati<\/li>\n \t<li>Kosovo<\/li>\n \t<li>Kuwait<\/li>\n \t<li>Laos<\/li>\n \t<li>Lesotho<\/li>\n \t<li>Lettonia<\/li>\n \t<li>Libano<\/li>\n \t<li>Liberia<\/li>\n \t<li>Libia<\/li>\n \t<li>Liechtenstein<\/li>\n \t<li>Lituania<\/li>\n \t<li>Lussemburgo<\/li>\n \t<li>Madagascar<\/li>\n \t<li>Malawi<\/li>\n \t<li>Malaysia<\/li>\n \t<li>Maldive<\/li>\n \t<li>Mali<\/li>\n \t<li>Malta<\/li>\n \t<li>Marocco<\/li>\n \t<li>Martinica<\/li>\n \t<li>Mauritania<\/li>\n \t<li>Mauritius<\/li>\n \t<li>Mayotte<\/li>\n \t<li>Messico<\/li>\n \t<li>Micronesia<\/li>\n \t<li>Moldavia<\/li>\n \t<li>Monaco<\/li>\n \t<li>Mongolia<\/li>\n \t<li>Montenegro<\/li>\n \t<li>Montserrat<\/li>\n \t<li>Mozambico<\/li>\n \t<li>Myanmar (Birmania)<\/li>\n \t<li>Namibia<\/li>\n \t<li>Nauru<\/li>\n \t<li>Nepal<\/li>\n \t<li>Nicaragua<\/li>\n \t<li>Niger<\/li>\n \t<li>Nigeria<\/li>\n \t<li>Niue<\/li>\n \t<li>Norvegia<\/li>\n \t<li>Nuova Caledonia<\/li>\n \t<li>Nuova Zelanda<\/li>\n \t<li>Oman<\/li>\n \t<li>Paesi Bassi<\/li>\n \t<li>Pakistan<\/li>\n \t<li>Palau<\/li>\n \t<li>Panam\u00e1<\/li>\n \t<li>Papua Nuova Guinea<\/li>\n \t<li>Paraguay<\/li>\n \t<li>Per\u00f9<\/li>\n \t<li>Polinesia francese<\/li>\n \t<li>Polonia<\/li>\n \t<li>Portogallo<\/li>\n \t<li>Portorico<\/li>\n \t<li>Qatar<\/li>\n \t<li>RAS di Hong Kong<\/li>\n \t<li>RAS di Macao<\/li>\n \t<li>Regno Unito<\/li>\n \t<li>Repubblica Centrafricana<\/li>\n \t<li>Repubblica di Macedonia<\/li>\n \t<li>Repubblica Dominicana<\/li>\n \t<li>Riunione<\/li>\n \t<li>Romania<\/li>\n \t<li>Ruanda<\/li>\n \t<li>Russia<\/li>\n \t<li>Sahara occidentale<\/li>\n \t<li>Saint Kitts e Nevis<\/li>\n \t<li>Saint Lucia<\/li>\n \t<li>Saint Martin<\/li>\n \t<li>Saint Pierre e Miquelon<\/li>\n \t<li>Saint Vincent e Grenadines<\/li>\n \t<li>Saint-Barth\u00e9lemy<\/li>\n \t<li>Samoa<\/li>\n \t<li>Samoa americane<\/li>\n \t<li>San Marino<\/li>\n \t<li>Sant\u2019Elena<\/li>\n \t<li>S\u00e3o Tom\u00e9 e Pr\u00edncipe<\/li>\n \t<li>Senegal<\/li>\n \t<li>Serbia<\/li>\n \t<li>Seychelles<\/li>\n \t<li>Sierra Leone<\/li>\n \t<li>Singapore<\/li>\n \t<li>Sint Maarten<\/li>\n \t<li>Siria<\/li>\n \t<li>Slovacchia<\/li>\n \t<li>Slovenia<\/li>\n \t<li>Somalia<\/li>\n \t<li>Spagna<\/li>\n \t<li>Sri Lanka<\/li>\n \t<li>Stati Uniti<\/li>\n \t<li>Striscia di Gaza<\/li>\n \t<li>Sud Sudan<\/li>\n \t<li>Sudafrica<\/li>\n \t<li>Sudan<\/li>\n \t<li>Suriname<\/li>\n \t<li>Svalbard e Jan Mayen<\/li>\n \t<li>Svezia<\/li>\n \t<li>Svizzera<\/li>\n \t<li>Swaziland<\/li>\n \t<li>Tagikistan<\/li>\n \t<li>Taiwan<\/li>\n \t<li>Tanzania<\/li>\n \t<li>Terre australi francesi<\/li>\n \t<li>Territori palestinesi<\/li>\n \t<li>Territorio britannico dell\u2019Oceano Indiano<\/li>\n \t<li>Thailandia<\/li>\n \t<li>Timor Est<\/li>\n \t<li>Togo<\/li>\n \t<li>Tokelau<\/li>\n \t<li>Tonga<\/li>\n \t<li>Trinidad e Tobago<\/li>\n \t<li>Tunisia<\/li>\n \t<li>Turchia<\/li>\n \t<li>Turkmenistan<\/li>\n \t<li>Tuvalu<\/li>\n \t<li>Ucraina<\/li>\n \t<li>Uganda<\/li>\n \t<li>Ungheria<\/li>\n \t<li>Uruguay<\/li>\n \t<li>Uzbekistan<\/li>\n \t<li>Vanuatu<\/li>\n \t<li>Venezuela<\/li>\n \t<li>Vietnam<\/li>\n \t<li>Wallis e Futuna<\/li>\n \t<li>Yemen<\/li>\n \t<li>Zambia<\/li>\n \t<li>Zimbabwe<\/li>\n\n<\/ul>\n\n\n\n<p class=\"has-text-align-center\"><a class=\"greenbutton\" href=\"https:\/\/www.fla-shop.com\/products\/wp-plugins\/world\/countries\/\">Download the Interactive World Map for WordPress<\/a><\/p>\n<\/div><\/div>\n","protected":false},"excerpt":{"rendered":"<p>Download the language pack Download the file worldcountries-it.zip. Extract the worldcountries-it.json file from the ZIP file. Import the JSON file on the Maps Dashboard page in the plugin. A detailed guide with screenshots can be found in the post How&#8230;<\/p>\n","protected":false},"author":1,"featured_media":1454,"parent":0,"menu_order":0,"comment_status":"open","ping_status":"open","template":"post1.php","meta":{"_acf_changed":false,"footnotes":""},"class_list":["post-598","page","type-page","status-publish","has-post-thumbnail","hentry"],"acf":[],"yoast_head":"<!-- This site is optimized with the Yoast SEO plugin v27.5 - https:\/\/yoast.com\/product\/yoast-seo-wordpress\/ -->\n<title>Mappa del mondo per WordPress. Download the free language pack.<\/title>\n<meta name=\"description\" content=\"Is your WordPress site for an Italian-language audience? Create a world map with the names of countries in Italian! Mappa del mondo per WordPress.\" \/>\n<meta name=\"robots\" content=\"noindex, follow\" \/>\n<meta property=\"og:locale\" content=\"en_US\" \/>\n<meta property=\"og:type\" content=\"article\" \/>\n<meta property=\"og:title\" content=\"Mappa del mondo per WordPress. Download the free language pack.\" \/>\n<meta property=\"og:description\" content=\"Is your WordPress site for an Italian-language audience? Create a world map with the names of countries in Italian! Mappa del mondo per WordPress.\" \/>\n<meta property=\"og:url\" content=\"https:\/\/www.fla-shop.com\/blog\/mappa-del-mondo-per-wordpress\/\" \/>\n<meta property=\"og:site_name\" content=\"Fla-Shop.com\" \/>\n<meta property=\"article:publisher\" content=\"https:\/\/www.facebook.com\/flashopcom\/\" \/>\n<meta property=\"article:modified_time\" content=\"2022-05-23T09:25:55+00:00\" \/>\n<meta property=\"og:image\" content=\"https:\/\/www.fla-shop.com\/blog\/wp-content\/uploads\/2022\/05\/world-map-it.png\" \/>\n\t<meta property=\"og:image:width\" content=\"1200\" \/>\n\t<meta property=\"og:image:height\" content=\"630\" \/>\n\t<meta property=\"og:image:type\" content=\"image\/png\" \/>\n<meta name=\"twitter:card\" content=\"summary_large_image\" \/>\n<meta name=\"twitter:site\" content=\"@flashop\" \/>\n<meta name=\"twitter:label1\" content=\"Est. reading time\" \/>\n\t<meta name=\"twitter:data1\" content=\"3 minutes\" \/>\n<script type=\"application\/ld+json\" class=\"yoast-schema-graph\">{\"@context\":\"https:\\\/\\\/schema.org\",\"@graph\":[{\"@type\":\"WebPage\",\"@id\":\"https:\\\/\\\/www.fla-shop.com\\\/blog\\\/mappa-del-mondo-per-wordpress\\\/\",\"url\":\"https:\\\/\\\/www.fla-shop.com\\\/blog\\\/mappa-del-mondo-per-wordpress\\\/\",\"name\":\"Mappa del mondo per WordPress. Download the free language pack.\",\"isPartOf\":{\"@id\":\"https:\\\/\\\/www.fla-shop.com\\\/blog\\\/#website\"},\"primaryImageOfPage\":{\"@id\":\"https:\\\/\\\/www.fla-shop.com\\\/blog\\\/mappa-del-mondo-per-wordpress\\\/#primaryimage\"},\"image\":{\"@id\":\"https:\\\/\\\/www.fla-shop.com\\\/blog\\\/mappa-del-mondo-per-wordpress\\\/#primaryimage\"},\"thumbnailUrl\":\"https:\\\/\\\/www.fla-shop.com\\\/blog\\\/wp-content\\\/uploads\\\/2022\\\/05\\\/world-map-it.png\",\"datePublished\":\"2017-01-01T14:28:48+00:00\",\"dateModified\":\"2022-05-23T09:25:55+00:00\",\"description\":\"Is your WordPress site for an Italian-language audience? Create a world map with the names of countries in Italian! Mappa del mondo per WordPress.\",\"breadcrumb\":{\"@id\":\"https:\\\/\\\/www.fla-shop.com\\\/blog\\\/mappa-del-mondo-per-wordpress\\\/#breadcrumb\"},\"inLanguage\":\"en-US\",\"potentialAction\":[{\"@type\":\"ReadAction\",\"target\":[\"https:\\\/\\\/www.fla-shop.com\\\/blog\\\/mappa-del-mondo-per-wordpress\\\/\"]}]},{\"@type\":\"ImageObject\",\"inLanguage\":\"en-US\",\"@id\":\"https:\\\/\\\/www.fla-shop.com\\\/blog\\\/mappa-del-mondo-per-wordpress\\\/#primaryimage\",\"url\":\"https:\\\/\\\/www.fla-shop.com\\\/blog\\\/wp-content\\\/uploads\\\/2022\\\/05\\\/world-map-it.png\",\"contentUrl\":\"https:\\\/\\\/www.fla-shop.com\\\/blog\\\/wp-content\\\/uploads\\\/2022\\\/05\\\/world-map-it.png\",\"width\":1200,\"height\":630},{\"@type\":\"BreadcrumbList\",\"@id\":\"https:\\\/\\\/www.fla-shop.com\\\/blog\\\/mappa-del-mondo-per-wordpress\\\/#breadcrumb\",\"itemListElement\":[{\"@type\":\"ListItem\",\"position\":1,\"name\":\"Blog\",\"item\":\"https:\\\/\\\/www.fla-shop.com\\\/blog\\\/\"},{\"@type\":\"ListItem\",\"position\":2,\"name\":\"World map for WordPress in Italian\"}]},{\"@type\":\"WebSite\",\"@id\":\"https:\\\/\\\/www.fla-shop.com\\\/blog\\\/#website\",\"url\":\"https:\\\/\\\/www.fla-shop.com\\\/blog\\\/\",\"name\":\"Fla-Shop.com\",\"description\":\"Interactive Maps, HTML5, WordPress, Map Use-cases \u2013 Fla-shop.com blog\",\"publisher\":{\"@id\":\"https:\\\/\\\/www.fla-shop.com\\\/blog\\\/#organization\"},\"potentialAction\":[{\"@type\":\"SearchAction\",\"target\":{\"@type\":\"EntryPoint\",\"urlTemplate\":\"https:\\\/\\\/www.fla-shop.com\\\/blog\\\/?s={search_term_string}\"},\"query-input\":{\"@type\":\"PropertyValueSpecification\",\"valueRequired\":true,\"valueName\":\"search_term_string\"}}],\"inLanguage\":\"en-US\"},{\"@type\":\"Organization\",\"@id\":\"https:\\\/\\\/www.fla-shop.com\\\/blog\\\/#organization\",\"name\":\"Fla-shop.com\",\"url\":\"https:\\\/\\\/www.fla-shop.com\\\/blog\\\/\",\"logo\":{\"@type\":\"ImageObject\",\"inLanguage\":\"en-US\",\"@id\":\"https:\\\/\\\/www.fla-shop.com\\\/blog\\\/#\\\/schema\\\/logo\\\/image\\\/\",\"url\":\"https:\\\/\\\/www.fla-shop.com\\\/blog\\\/wp-content\\\/uploads\\\/2017\\\/06\\\/fla-shop_twitter_logo.jpg\",\"contentUrl\":\"https:\\\/\\\/www.fla-shop.com\\\/blog\\\/wp-content\\\/uploads\\\/2017\\\/06\\\/fla-shop_twitter_logo.jpg\",\"width\":128,\"height\":128,\"caption\":\"Fla-shop.com\"},\"image\":{\"@id\":\"https:\\\/\\\/www.fla-shop.com\\\/blog\\\/#\\\/schema\\\/logo\\\/image\\\/\"},\"sameAs\":[\"https:\\\/\\\/www.facebook.com\\\/flashopcom\\\/\",\"https:\\\/\\\/x.com\\\/flashop\",\"https:\\\/\\\/www.youtube.com\\\/user\\\/flashopcom\"]}]}<\/script>\n<!-- \/ Yoast SEO plugin. -->","yoast_head_json":{"title":"Mappa del mondo per WordPress. Download the free language pack.","description":"Is your WordPress site for an Italian-language audience? Create a world map with the names of countries in Italian! Mappa del mondo per WordPress.","robots":{"index":"noindex","follow":"follow"},"og_locale":"en_US","og_type":"article","og_title":"Mappa del mondo per WordPress. Download the free language pack.","og_description":"Is your WordPress site for an Italian-language audience? Create a world map with the names of countries in Italian! Mappa del mondo per WordPress.","og_url":"https:\/\/www.fla-shop.com\/blog\/mappa-del-mondo-per-wordpress\/","og_site_name":"Fla-Shop.com","article_publisher":"https:\/\/www.facebook.com\/flashopcom\/","article_modified_time":"2022-05-23T09:25:55+00:00","og_image":[{"width":1200,"height":630,"url":"https:\/\/www.fla-shop.com\/blog\/wp-content\/uploads\/2022\/05\/world-map-it.png","type":"image\/png"}],"twitter_card":"summary_large_image","twitter_site":"@flashop","twitter_misc":{"Est. reading time":"3 minutes"},"schema":{"@context":"https:\/\/schema.org","@graph":[{"@type":"WebPage","@id":"https:\/\/www.fla-shop.com\/blog\/mappa-del-mondo-per-wordpress\/","url":"https:\/\/www.fla-shop.com\/blog\/mappa-del-mondo-per-wordpress\/","name":"Mappa del mondo per WordPress. Download the free language pack.","isPartOf":{"@id":"https:\/\/www.fla-shop.com\/blog\/#website"},"primaryImageOfPage":{"@id":"https:\/\/www.fla-shop.com\/blog\/mappa-del-mondo-per-wordpress\/#primaryimage"},"image":{"@id":"https:\/\/www.fla-shop.com\/blog\/mappa-del-mondo-per-wordpress\/#primaryimage"},"thumbnailUrl":"https:\/\/www.fla-shop.com\/blog\/wp-content\/uploads\/2022\/05\/world-map-it.png","datePublished":"2017-01-01T14:28:48+00:00","dateModified":"2022-05-23T09:25:55+00:00","description":"Is your WordPress site for an Italian-language audience? Create a world map with the names of countries in Italian! Mappa del mondo per WordPress.","breadcrumb":{"@id":"https:\/\/www.fla-shop.com\/blog\/mappa-del-mondo-per-wordpress\/#breadcrumb"},"inLanguage":"en-US","potentialAction":[{"@type":"ReadAction","target":["https:\/\/www.fla-shop.com\/blog\/mappa-del-mondo-per-wordpress\/"]}]},{"@type":"ImageObject","inLanguage":"en-US","@id":"https:\/\/www.fla-shop.com\/blog\/mappa-del-mondo-per-wordpress\/#primaryimage","url":"https:\/\/www.fla-shop.com\/blog\/wp-content\/uploads\/2022\/05\/world-map-it.png","contentUrl":"https:\/\/www.fla-shop.com\/blog\/wp-content\/uploads\/2022\/05\/world-map-it.png","width":1200,"height":630},{"@type":"BreadcrumbList","@id":"https:\/\/www.fla-shop.com\/blog\/mappa-del-mondo-per-wordpress\/#breadcrumb","itemListElement":[{"@type":"ListItem","position":1,"name":"Blog","item":"https:\/\/www.fla-shop.com\/blog\/"},{"@type":"ListItem","position":2,"name":"World map for WordPress in Italian"}]},{"@type":"WebSite","@id":"https:\/\/www.fla-shop.com\/blog\/#website","url":"https:\/\/www.fla-shop.com\/blog\/","name":"Fla-Shop.com","description":"Interactive Maps, HTML5, WordPress, Map Use-cases \u2013 Fla-shop.com blog","publisher":{"@id":"https:\/\/www.fla-shop.com\/blog\/#organization"},"potentialAction":[{"@type":"SearchAction","target":{"@type":"EntryPoint","urlTemplate":"https:\/\/www.fla-shop.com\/blog\/?s={search_term_string}"},"query-input":{"@type":"PropertyValueSpecification","valueRequired":true,"valueName":"search_term_string"}}],"inLanguage":"en-US"},{"@type":"Organization","@id":"https:\/\/www.fla-shop.com\/blog\/#organization","name":"Fla-shop.com","url":"https:\/\/www.fla-shop.com\/blog\/","logo":{"@type":"ImageObject","inLanguage":"en-US","@id":"https:\/\/www.fla-shop.com\/blog\/#\/schema\/logo\/image\/","url":"https:\/\/www.fla-shop.com\/blog\/wp-content\/uploads\/2017\/06\/fla-shop_twitter_logo.jpg","contentUrl":"https:\/\/www.fla-shop.com\/blog\/wp-content\/uploads\/2017\/06\/fla-shop_twitter_logo.jpg","width":128,"height":128,"caption":"Fla-shop.com"},"image":{"@id":"https:\/\/www.fla-shop.com\/blog\/#\/schema\/logo\/image\/"},"sameAs":["https:\/\/www.facebook.com\/flashopcom\/","https:\/\/x.com\/flashop","https:\/\/www.youtube.com\/user\/flashopcom"]}]}},"_links":{"self":[{"href":"https:\/\/www.fla-shop.com\/blog\/wp-json\/wp\/v2\/pages\/598","targetHints":{"allow":["GET"]}}],"collection":[{"href":"https:\/\/www.fla-shop.com\/blog\/wp-json\/wp\/v2\/pages"}],"about":[{"href":"https:\/\/www.fla-shop.com\/blog\/wp-json\/wp\/v2\/types\/page"}],"author":[{"embeddable":true,"href":"https:\/\/www.fla-shop.com\/blog\/wp-json\/wp\/v2\/users\/1"}],"replies":[{"embeddable":true,"href":"https:\/\/www.fla-shop.com\/blog\/wp-json\/wp\/v2\/comments?post=598"}],"version-history":[{"count":6,"href":"https:\/\/www.fla-shop.com\/blog\/wp-json\/wp\/v2\/pages\/598\/revisions"}],"predecessor-version":[{"id":1456,"href":"https:\/\/www.fla-shop.com\/blog\/wp-json\/wp\/v2\/pages\/598\/revisions\/1456"}],"wp:featuredmedia":[{"embeddable":true,"href":"https:\/\/www.fla-shop.com\/blog\/wp-json\/wp\/v2\/media\/1454"}],"wp:attachment":[{"href":"https:\/\/www.fla-shop.com\/blog\/wp-json\/wp\/v2\/media?parent=598"}],"curies":[{"name":"wp","href":"https:\/\/api.w.org\/{rel}","templated":true}]}}