{"id":675,"date":"2018-07-26T08:35:56","date_gmt":"2018-07-26T08:35:56","guid":{"rendered":"https:\/\/www.fla-shop.com\/blog\/?page_id=675"},"modified":"2022-05-23T09:19:37","modified_gmt":"2022-05-23T09:19:37","slug":"mapa-sveta-pro-wordpress","status":"publish","type":"page","link":"https:\/\/www.fla-shop.com\/blog\/mapa-sveta-pro-wordpress\/","title":{"rendered":"World map for WordPress in Czech"},"content":{"rendered":"\n<div class=\"wp-block-group article_md_block\"><div class=\"wp-block-group__inner-container is-layout-flow wp-block-group-is-layout-flow\">\n<div id=\"map-container\"><svg style=\"width:100%\" viewBox=\"0 0 600 400\" xmlns=\"http:\/\/www.w3.org\/2000\/svg\"><path d=\"M 0.0,0.0 V 400 H 600 V 0.0 Z\" fill=\"#FFFFFF\"><\/path><\/svg><\/div>\n<link rel=\"stylesheet\" href=\"\/blog\/wp-content\/uploads\/2018\/maps\/worldcountries\/map.css\">\n<script src=\"\/blog\/wp-content\/uploads\/2018\/maps\/worldcountries\/raphael.min.js\"><\/script>\n<script src=\"\/blog\/wp-content\/uploads\/2018\/maps\/worldcountries\/settings-cs.js\"><\/script>\n<script src=\"\/blog\/wp-content\/uploads\/2018\/maps\/worldcountries\/paths.js\"><\/script>\n<script src=\"\/blog\/wp-content\/uploads\/2018\/maps\/worldcountries\/map.js\"><\/script>\n<script>\nvar map = new FlaMap(map_cfg);\ndocument.getElementById('map-container').innerHTML = '';\nmap.draw('map-container');\n<\/script>\n<\/div><\/div>\n\n\n\n<p><\/p>\n\n\n\n<div class=\"wp-block-group article_sm_block\"><div class=\"wp-block-group__inner-container is-layout-flow wp-block-group-is-layout-flow\">\n<h2 class=\"wp-block-heading\">Download the language pack<\/h2>\n\n\n\n<ul class=\"article_sm_block wp-block-list\"><li>Download the file <a href=\"https:\/\/www.fla-shop.com\/download\/freebies\/language-packs\/worldcountries-cs.zip\"><strong>worldcountries-cs.zip<\/strong><\/a>.<\/li><li>Extract the <strong>worldcountries-cs.json<\/strong> file from the ZIP file.<\/li><li>Import the JSON file on the Maps Dashboard page in the plugin.<\/li><\/ul>\n\n\n\n<p>A detailed guide with screenshots can be found in the post <a href=\"https:\/\/www.fla-shop.com\/blog\/world-map-with-localized-country-names-for-wordpress-websites\/\">How to Make a World Map with Localized Country Names<\/a><\/p>\n\n\n\n<div class=\"wp-block-image\"><figure class=\"aligncenter\"><img decoding=\"async\" src=\"https:\/\/www.fla-shop.com\/blog\/wp-content\/uploads\/2019\/12\/multilingual-world-map.png\" alt=\"Multilingual World Map\"\/><\/figure><\/div>\n\n\n\n<h2 class=\"wp-block-heading\">List of country names in Czech<\/h2>\n\n\n\n<ul style=\"column-count: auto; column-width: 200px;\">\n\n \t<li>Afgh\u00e1nist\u00e1n<\/li>\n \t<li>\u00c5landy<\/li>\n \t<li>Alb\u00e1nie<\/li>\n \t<li>Al\u017e\u00edrsko<\/li>\n \t<li>Americk\u00e1 Samoa<\/li>\n \t<li>Americk\u00e9 Panensk\u00e9 ostrovy<\/li>\n \t<li>Andorra<\/li>\n \t<li>Angola<\/li>\n \t<li>Anguilla<\/li>\n \t<li>Antarktida<\/li>\n \t<li>Antigua a Barbuda<\/li>\n \t<li>Argentina<\/li>\n \t<li>Arm\u00e9nie<\/li>\n \t<li>Aruba<\/li>\n \t<li>Austr\u00e1lie<\/li>\n \t<li>\u00c1zerb\u00e1jd\u017e\u00e1n<\/li>\n \t<li>Bahamy<\/li>\n \t<li>Bahrajn<\/li>\n \t<li>Banglad\u00e9\u0161<\/li>\n \t<li>Barbados<\/li>\n \t<li>Belgie<\/li>\n \t<li>Belize<\/li>\n \t<li>B\u011blorusko<\/li>\n \t<li>Benin<\/li>\n \t<li>Bermudy<\/li>\n \t<li>Bh\u00fat\u00e1n<\/li>\n \t<li>Bol\u00edvie<\/li>\n \t<li>Bosna a Hercegovina<\/li>\n \t<li>Botswana<\/li>\n \t<li>Bouvet\u016fv ostrov<\/li>\n \t<li>Braz\u00edlie<\/li>\n \t<li>Britsk\u00e9 indickooce\u00e1nsk\u00e9 \u00fazem\u00ed<\/li>\n \t<li>Britsk\u00e9 Panensk\u00e9 ostrovy<\/li>\n \t<li>Brunej<\/li>\n \t<li>Bulharsko<\/li>\n \t<li>Burkina Faso<\/li>\n \t<li>Burundi<\/li>\n \t<li>\u010cad<\/li>\n \t<li>\u010cern\u00e1 Hora<\/li>\n \t<li>\u010cesko<\/li>\n \t<li>Chile<\/li>\n \t<li>Chorvatsko<\/li>\n \t<li>\u010c\u00edna<\/li>\n \t<li>Cookovy ostrovy<\/li>\n \t<li>Cura\u00e7ao<\/li>\n \t<li>D\u00e1nsko<\/li>\n \t<li>Dominika<\/li>\n \t<li>Dominik\u00e1nsk\u00e1 republika<\/li>\n \t<li>D\u017eibutsko<\/li>\n \t<li>Egypt<\/li>\n \t<li>Ekv\u00e1dor<\/li>\n \t<li>Eritrea<\/li>\n \t<li>Estonsko<\/li>\n \t<li>Etiopie<\/li>\n \t<li>Faersk\u00e9 ostrovy<\/li>\n \t<li>Falklandsk\u00e9 ostrovy<\/li>\n \t<li>Fid\u017ei<\/li>\n \t<li>Filip\u00edny<\/li>\n \t<li>Finsko<\/li>\n \t<li>Francie<\/li>\n \t<li>Francouzsk\u00e1 Guyana<\/li>\n \t<li>Francouzsk\u00e1 ji\u017en\u00ed \u00fazem\u00ed<\/li>\n \t<li>Francouzsk\u00e1 Polyn\u00e9sie<\/li>\n \t<li>Gabon<\/li>\n \t<li>Gambie<\/li>\n \t<li>Ghana<\/li>\n \t<li>Gibraltar<\/li>\n \t<li>Grenada<\/li>\n \t<li>Gr\u00f3nsko<\/li>\n \t<li>Gruzie<\/li>\n \t<li>Guadeloupe<\/li>\n \t<li>Guam<\/li>\n \t<li>Guatemala<\/li>\n \t<li>Guernsey<\/li>\n \t<li>Guinea<\/li>\n \t<li>Guinea-Bissau<\/li>\n \t<li>Guyana<\/li>\n \t<li>Haiti<\/li>\n \t<li>Heard\u016fv ostrov a McDonaldovy ostrovy<\/li>\n \t<li>Honduras<\/li>\n \t<li>Hongkong \u2013 ZAO \u010c\u00edny<\/li>\n \t<li>Indie<\/li>\n \t<li>Indon\u00e9sie<\/li>\n \t<li>Ir\u00e1k<\/li>\n \t<li>\u00cdr\u00e1n<\/li>\n \t<li>Irsko<\/li>\n \t<li>Island<\/li>\n \t<li>It\u00e1lie<\/li>\n \t<li>Izrael<\/li>\n \t<li>Jamajka<\/li>\n \t<li>Japonsko<\/li>\n \t<li>Jemen<\/li>\n \t<li>Jersey<\/li>\n \t<li>Jihoafrick\u00e1 republika<\/li>\n \t<li>Ji\u017en\u00ed Georgie a Ji\u017en\u00ed Sandwichovy ostrovy<\/li>\n \t<li>Ji\u017en\u00ed Korea<\/li>\n \t<li>Ji\u017en\u00ed S\u00fad\u00e1n<\/li>\n \t<li>Jord\u00e1nsko<\/li>\n \t<li>Kajmansk\u00e9 ostrovy<\/li>\n \t<li>Kambod\u017ea<\/li>\n \t<li>Kamerun<\/li>\n \t<li>Kanada<\/li>\n \t<li>Kapverdy<\/li>\n \t<li>Karibsk\u00e9 Nizozemsko<\/li>\n \t<li>Katar<\/li>\n \t<li>Kazachst\u00e1n<\/li>\n \t<li>Ke\u0148a<\/li>\n \t<li>Kiribati<\/li>\n \t<li>Kokosov\u00e9 ostrovy<\/li>\n \t<li>Kolumbie<\/li>\n \t<li>Komory<\/li>\n \t<li>Kongo \u2013 Brazzaville<\/li>\n \t<li>Kongo \u2013 Kinshasa<\/li>\n \t<li>Kosovo<\/li>\n \t<li>Kostarika<\/li>\n \t<li>Kuba<\/li>\n \t<li>Kuvajt<\/li>\n \t<li>Kypr<\/li>\n \t<li>Kyrgyzst\u00e1n<\/li>\n \t<li>Laos<\/li>\n \t<li>Lesotho<\/li>\n \t<li>Libanon<\/li>\n \t<li>Lib\u00e9rie<\/li>\n \t<li>Libye<\/li>\n \t<li>Lichten\u0161tejnsko<\/li>\n \t<li>Litva<\/li>\n \t<li>Loty\u0161sko<\/li>\n \t<li>Lucembursko<\/li>\n \t<li>Macao \u2013 ZAO \u010c\u00edny<\/li>\n \t<li>Madagaskar<\/li>\n \t<li>Ma\u010farsko<\/li>\n \t<li>Makedonie<\/li>\n \t<li>Malajsie<\/li>\n \t<li>Malawi<\/li>\n \t<li>Maledivy<\/li>\n \t<li>Mali<\/li>\n \t<li>Malta<\/li>\n \t<li>Maroko<\/li>\n \t<li>Marshallovy ostrovy<\/li>\n \t<li>Martinik<\/li>\n \t<li>Mauricius<\/li>\n \t<li>Maurit\u00e1nie<\/li>\n \t<li>Mayotte<\/li>\n \t<li>Men\u0161\u00ed odlehl\u00e9 ostrovy USA<\/li>\n \t<li>Mexiko<\/li>\n \t<li>Mikron\u00e9sie<\/li>\n \t<li>Moldavsko<\/li>\n \t<li>Monako<\/li>\n \t<li>Mongolsko<\/li>\n \t<li>Montserrat<\/li>\n \t<li>Mosambik<\/li>\n \t<li>Myanmar (Barma)<\/li>\n \t<li>Namibie<\/li>\n \t<li>Nauru<\/li>\n \t<li>N\u011bmecko<\/li>\n \t<li>Nep\u00e1l<\/li>\n \t<li>Niger<\/li>\n \t<li>Nig\u00e9rie<\/li>\n \t<li>Nikaragua<\/li>\n \t<li>Niue<\/li>\n \t<li>Nizozemsko<\/li>\n \t<li>Norfolk<\/li>\n \t<li>Norsko<\/li>\n \t<li>Nov\u00e1 Kaledonie<\/li>\n \t<li>Nov\u00fd Z\u00e9land<\/li>\n \t<li>Om\u00e1n<\/li>\n \t<li>Ostrov Man<\/li>\n \t<li>P\u00e1kist\u00e1n<\/li>\n \t<li>Palau<\/li>\n \t<li>Palestinsk\u00e1 \u00fazem\u00ed<\/li>\n \t<li>Panama<\/li>\n \t<li>Papua-Nov\u00e1 Guinea<\/li>\n \t<li>Paraguay<\/li>\n \t<li>P\u00e1smo Gazy<\/li>\n \t<li>Peru<\/li>\n \t<li>Pitcairnovy ostrovy<\/li>\n \t<li>Pob\u0159e\u017e\u00ed slonoviny<\/li>\n \t<li>Polsko<\/li>\n \t<li>Portoriko<\/li>\n \t<li>Portugalsko<\/li>\n \t<li>Rakousko<\/li>\n \t<li>\u0158ecko<\/li>\n \t<li>R\u00e9union<\/li>\n \t<li>Rovn\u00edkov\u00e1 Guinea<\/li>\n \t<li>Rumunsko<\/li>\n \t<li>Rusko<\/li>\n \t<li>Rwanda<\/li>\n \t<li>Saint-Pierre a Miquelon<\/li>\n \t<li>\u0160alamounovy ostrovy<\/li>\n \t<li>Salvador<\/li>\n \t<li>Samoa<\/li>\n \t<li>San Marino<\/li>\n \t<li>Sa\u00fadsk\u00e1 Ar\u00e1bie<\/li>\n \t<li>Senegal<\/li>\n \t<li>Severn\u00ed Korea<\/li>\n \t<li>Severn\u00ed Mariany<\/li>\n \t<li>Seychely<\/li>\n \t<li>Sierra Leone<\/li>\n \t<li>Singapur<\/li>\n \t<li>Slovensko<\/li>\n \t<li>Slovinsko<\/li>\n \t<li>Som\u00e1lsko<\/li>\n \t<li>\u0160pan\u011blsko<\/li>\n \t<li>\u0160picberky a Jan Mayen<\/li>\n \t<li>Spojen\u00e9 arabsk\u00e9 emir\u00e1ty<\/li>\n \t<li>Spojen\u00e9 kr\u00e1lovstv\u00ed<\/li>\n \t<li>Spojen\u00e9 st\u00e1ty<\/li>\n \t<li>Srbsko<\/li>\n \t<li>Sr\u00ed Lanka<\/li>\n \t<li>St\u0159edoafrick\u00e1 republika<\/li>\n \t<li>S\u00fad\u00e1n<\/li>\n \t<li>Surinam<\/li>\n \t<li>Svat\u00e1 Helena<\/li>\n \t<li>Svat\u00e1 Lucie<\/li>\n \t<li>Svat\u00fd Bartolom\u011bj<\/li>\n \t<li>Svat\u00fd Kry\u0161tof a Nevis<\/li>\n \t<li>Svat\u00fd Martin (Francie)<\/li>\n \t<li>Svat\u00fd Martin (Nizozemsko)<\/li>\n \t<li>Svat\u00fd Tom\u00e1\u0161 a Princ\u016fv ostrov<\/li>\n \t<li>Svat\u00fd Vincenc a Grenadiny<\/li>\n \t<li>Svazijsko<\/li>\n \t<li>\u0160v\u00e9dsko<\/li>\n \t<li>\u0160v\u00fdcarsko<\/li>\n \t<li>S\u00fdrie<\/li>\n \t<li>T\u00e1d\u017eikist\u00e1n<\/li>\n \t<li>Tanzanie<\/li>\n \t<li>Tchaj-wan<\/li>\n \t<li>Thajsko<\/li>\n \t<li>Togo<\/li>\n \t<li>Tokelau<\/li>\n \t<li>Tonga<\/li>\n \t<li>Trinidad a Tobago<\/li>\n \t<li>Tunisko<\/li>\n \t<li>Turecko<\/li>\n \t<li>Turkmenist\u00e1n<\/li>\n \t<li>Turks a Caicos<\/li>\n \t<li>Tuvalu<\/li>\n \t<li>Uganda<\/li>\n \t<li>Ukrajina<\/li>\n \t<li>Uruguay<\/li>\n \t<li>Uzbekist\u00e1n<\/li>\n \t<li>V\u00e1no\u010dn\u00ed ostrov<\/li>\n \t<li>Vanuatu<\/li>\n \t<li>Vatik\u00e1n<\/li>\n \t<li>Venezuela<\/li>\n \t<li>Vietnam<\/li>\n \t<li>V\u00fdchodn\u00ed Timor<\/li>\n \t<li>Wallis a Futuna<\/li>\n \t<li>Zambie<\/li>\n \t<li>Z\u00e1padn\u00ed Sahara<\/li>\n \t<li>Zimbabwe<\/li>\n\n<\/ul>\n\n\n\n<p class=\"has-text-align-center\"><a class=\"greenbutton\" href=\"https:\/\/www.fla-shop.com\/products\/wp-plugins\/world\/countries\/\">Download the Interactive World Map for WordPress<\/a><\/p>\n<\/div><\/div>\n","protected":false},"excerpt":{"rendered":"<p>Download the language pack Download the file worldcountries-cs.zip. Extract the worldcountries-cs.json file from the ZIP file. Import the JSON file on the Maps Dashboard page in the plugin. A detailed guide with screenshots can be found in the post How&#8230;<\/p>\n","protected":false},"author":1,"featured_media":1483,"parent":0,"menu_order":0,"comment_status":"closed","ping_status":"closed","template":"post1.php","meta":{"_acf_changed":false,"footnotes":""},"class_list":["post-675","page","type-page","status-publish","has-post-thumbnail","hentry"],"acf":[],"yoast_head":"<!-- This site is optimized with the Yoast SEO plugin v27.5 - https:\/\/yoast.com\/product\/yoast-seo-wordpress\/ -->\n<title>Mapa sv\u011bta pro WordPress. Download the free language pack.<\/title>\n<meta name=\"description\" content=\"Is your WordPress site for a Czech-speaking audience? Create a world map with the names of countries in Czech! Mapa sv\u011bta pro WordPress\" \/>\n<meta name=\"robots\" content=\"noindex, follow\" \/>\n<meta property=\"og:locale\" content=\"en_US\" \/>\n<meta property=\"og:type\" content=\"article\" \/>\n<meta property=\"og:title\" content=\"Mapa sv\u011bta pro WordPress. Download the free language pack.\" \/>\n<meta property=\"og:description\" content=\"Is your WordPress site for a Czech-speaking audience? Create a world map with the names of countries in Czech! Mapa sv\u011bta pro WordPress\" \/>\n<meta property=\"og:url\" content=\"https:\/\/www.fla-shop.com\/blog\/mapa-sveta-pro-wordpress\/\" \/>\n<meta property=\"og:site_name\" content=\"Fla-Shop.com\" \/>\n<meta property=\"article:publisher\" content=\"https:\/\/www.facebook.com\/flashopcom\/\" \/>\n<meta property=\"article:modified_time\" content=\"2022-05-23T09:19:37+00:00\" \/>\n<meta property=\"og:image\" content=\"https:\/\/www.fla-shop.com\/blog\/wp-content\/uploads\/2022\/05\/world-map-cs.png\" \/>\n\t<meta property=\"og:image:width\" content=\"1200\" \/>\n\t<meta property=\"og:image:height\" content=\"630\" \/>\n\t<meta property=\"og:image:type\" content=\"image\/png\" \/>\n<meta name=\"twitter:card\" content=\"summary_large_image\" \/>\n<meta name=\"twitter:site\" content=\"@flashop\" \/>\n<meta name=\"twitter:label1\" content=\"Est. reading time\" \/>\n\t<meta name=\"twitter:data1\" content=\"3 minutes\" \/>\n<script type=\"application\/ld+json\" class=\"yoast-schema-graph\">{\"@context\":\"https:\\\/\\\/schema.org\",\"@graph\":[{\"@type\":\"WebPage\",\"@id\":\"https:\\\/\\\/www.fla-shop.com\\\/blog\\\/mapa-sveta-pro-wordpress\\\/\",\"url\":\"https:\\\/\\\/www.fla-shop.com\\\/blog\\\/mapa-sveta-pro-wordpress\\\/\",\"name\":\"Mapa sv\u011bta pro WordPress. Download the free language pack.\",\"isPartOf\":{\"@id\":\"https:\\\/\\\/www.fla-shop.com\\\/blog\\\/#website\"},\"primaryImageOfPage\":{\"@id\":\"https:\\\/\\\/www.fla-shop.com\\\/blog\\\/mapa-sveta-pro-wordpress\\\/#primaryimage\"},\"image\":{\"@id\":\"https:\\\/\\\/www.fla-shop.com\\\/blog\\\/mapa-sveta-pro-wordpress\\\/#primaryimage\"},\"thumbnailUrl\":\"https:\\\/\\\/www.fla-shop.com\\\/blog\\\/wp-content\\\/uploads\\\/2022\\\/05\\\/world-map-cs.png\",\"datePublished\":\"2018-07-26T08:35:56+00:00\",\"dateModified\":\"2022-05-23T09:19:37+00:00\",\"description\":\"Is your WordPress site for a Czech-speaking audience? Create a world map with the names of countries in Czech! Mapa sv\u011bta pro WordPress\",\"breadcrumb\":{\"@id\":\"https:\\\/\\\/www.fla-shop.com\\\/blog\\\/mapa-sveta-pro-wordpress\\\/#breadcrumb\"},\"inLanguage\":\"en-US\",\"potentialAction\":[{\"@type\":\"ReadAction\",\"target\":[\"https:\\\/\\\/www.fla-shop.com\\\/blog\\\/mapa-sveta-pro-wordpress\\\/\"]}]},{\"@type\":\"ImageObject\",\"inLanguage\":\"en-US\",\"@id\":\"https:\\\/\\\/www.fla-shop.com\\\/blog\\\/mapa-sveta-pro-wordpress\\\/#primaryimage\",\"url\":\"https:\\\/\\\/www.fla-shop.com\\\/blog\\\/wp-content\\\/uploads\\\/2022\\\/05\\\/world-map-cs.png\",\"contentUrl\":\"https:\\\/\\\/www.fla-shop.com\\\/blog\\\/wp-content\\\/uploads\\\/2022\\\/05\\\/world-map-cs.png\",\"width\":1200,\"height\":630},{\"@type\":\"BreadcrumbList\",\"@id\":\"https:\\\/\\\/www.fla-shop.com\\\/blog\\\/mapa-sveta-pro-wordpress\\\/#breadcrumb\",\"itemListElement\":[{\"@type\":\"ListItem\",\"position\":1,\"name\":\"Blog\",\"item\":\"https:\\\/\\\/www.fla-shop.com\\\/blog\\\/\"},{\"@type\":\"ListItem\",\"position\":2,\"name\":\"World map for WordPress in Czech\"}]},{\"@type\":\"WebSite\",\"@id\":\"https:\\\/\\\/www.fla-shop.com\\\/blog\\\/#website\",\"url\":\"https:\\\/\\\/www.fla-shop.com\\\/blog\\\/\",\"name\":\"Fla-Shop.com\",\"description\":\"Interactive Maps, HTML5, WordPress, Map Use-cases \u2013 Fla-shop.com blog\",\"publisher\":{\"@id\":\"https:\\\/\\\/www.fla-shop.com\\\/blog\\\/#organization\"},\"potentialAction\":[{\"@type\":\"SearchAction\",\"target\":{\"@type\":\"EntryPoint\",\"urlTemplate\":\"https:\\\/\\\/www.fla-shop.com\\\/blog\\\/?s={search_term_string}\"},\"query-input\":{\"@type\":\"PropertyValueSpecification\",\"valueRequired\":true,\"valueName\":\"search_term_string\"}}],\"inLanguage\":\"en-US\"},{\"@type\":\"Organization\",\"@id\":\"https:\\\/\\\/www.fla-shop.com\\\/blog\\\/#organization\",\"name\":\"Fla-shop.com\",\"url\":\"https:\\\/\\\/www.fla-shop.com\\\/blog\\\/\",\"logo\":{\"@type\":\"ImageObject\",\"inLanguage\":\"en-US\",\"@id\":\"https:\\\/\\\/www.fla-shop.com\\\/blog\\\/#\\\/schema\\\/logo\\\/image\\\/\",\"url\":\"https:\\\/\\\/www.fla-shop.com\\\/blog\\\/wp-content\\\/uploads\\\/2017\\\/06\\\/fla-shop_twitter_logo.jpg\",\"contentUrl\":\"https:\\\/\\\/www.fla-shop.com\\\/blog\\\/wp-content\\\/uploads\\\/2017\\\/06\\\/fla-shop_twitter_logo.jpg\",\"width\":128,\"height\":128,\"caption\":\"Fla-shop.com\"},\"image\":{\"@id\":\"https:\\\/\\\/www.fla-shop.com\\\/blog\\\/#\\\/schema\\\/logo\\\/image\\\/\"},\"sameAs\":[\"https:\\\/\\\/www.facebook.com\\\/flashopcom\\\/\",\"https:\\\/\\\/x.com\\\/flashop\",\"https:\\\/\\\/www.youtube.com\\\/user\\\/flashopcom\"]}]}<\/script>\n<!-- \/ Yoast SEO plugin. -->","yoast_head_json":{"title":"Mapa sv\u011bta pro WordPress. Download the free language pack.","description":"Is your WordPress site for a Czech-speaking audience? Create a world map with the names of countries in Czech! Mapa sv\u011bta pro WordPress","robots":{"index":"noindex","follow":"follow"},"og_locale":"en_US","og_type":"article","og_title":"Mapa sv\u011bta pro WordPress. Download the free language pack.","og_description":"Is your WordPress site for a Czech-speaking audience? Create a world map with the names of countries in Czech! Mapa sv\u011bta pro WordPress","og_url":"https:\/\/www.fla-shop.com\/blog\/mapa-sveta-pro-wordpress\/","og_site_name":"Fla-Shop.com","article_publisher":"https:\/\/www.facebook.com\/flashopcom\/","article_modified_time":"2022-05-23T09:19:37+00:00","og_image":[{"width":1200,"height":630,"url":"https:\/\/www.fla-shop.com\/blog\/wp-content\/uploads\/2022\/05\/world-map-cs.png","type":"image\/png"}],"twitter_card":"summary_large_image","twitter_site":"@flashop","twitter_misc":{"Est. reading time":"3 minutes"},"schema":{"@context":"https:\/\/schema.org","@graph":[{"@type":"WebPage","@id":"https:\/\/www.fla-shop.com\/blog\/mapa-sveta-pro-wordpress\/","url":"https:\/\/www.fla-shop.com\/blog\/mapa-sveta-pro-wordpress\/","name":"Mapa sv\u011bta pro WordPress. Download the free language pack.","isPartOf":{"@id":"https:\/\/www.fla-shop.com\/blog\/#website"},"primaryImageOfPage":{"@id":"https:\/\/www.fla-shop.com\/blog\/mapa-sveta-pro-wordpress\/#primaryimage"},"image":{"@id":"https:\/\/www.fla-shop.com\/blog\/mapa-sveta-pro-wordpress\/#primaryimage"},"thumbnailUrl":"https:\/\/www.fla-shop.com\/blog\/wp-content\/uploads\/2022\/05\/world-map-cs.png","datePublished":"2018-07-26T08:35:56+00:00","dateModified":"2022-05-23T09:19:37+00:00","description":"Is your WordPress site for a Czech-speaking audience? Create a world map with the names of countries in Czech! Mapa sv\u011bta pro WordPress","breadcrumb":{"@id":"https:\/\/www.fla-shop.com\/blog\/mapa-sveta-pro-wordpress\/#breadcrumb"},"inLanguage":"en-US","potentialAction":[{"@type":"ReadAction","target":["https:\/\/www.fla-shop.com\/blog\/mapa-sveta-pro-wordpress\/"]}]},{"@type":"ImageObject","inLanguage":"en-US","@id":"https:\/\/www.fla-shop.com\/blog\/mapa-sveta-pro-wordpress\/#primaryimage","url":"https:\/\/www.fla-shop.com\/blog\/wp-content\/uploads\/2022\/05\/world-map-cs.png","contentUrl":"https:\/\/www.fla-shop.com\/blog\/wp-content\/uploads\/2022\/05\/world-map-cs.png","width":1200,"height":630},{"@type":"BreadcrumbList","@id":"https:\/\/www.fla-shop.com\/blog\/mapa-sveta-pro-wordpress\/#breadcrumb","itemListElement":[{"@type":"ListItem","position":1,"name":"Blog","item":"https:\/\/www.fla-shop.com\/blog\/"},{"@type":"ListItem","position":2,"name":"World map for WordPress in Czech"}]},{"@type":"WebSite","@id":"https:\/\/www.fla-shop.com\/blog\/#website","url":"https:\/\/www.fla-shop.com\/blog\/","name":"Fla-Shop.com","description":"Interactive Maps, HTML5, WordPress, Map Use-cases \u2013 Fla-shop.com blog","publisher":{"@id":"https:\/\/www.fla-shop.com\/blog\/#organization"},"potentialAction":[{"@type":"SearchAction","target":{"@type":"EntryPoint","urlTemplate":"https:\/\/www.fla-shop.com\/blog\/?s={search_term_string}"},"query-input":{"@type":"PropertyValueSpecification","valueRequired":true,"valueName":"search_term_string"}}],"inLanguage":"en-US"},{"@type":"Organization","@id":"https:\/\/www.fla-shop.com\/blog\/#organization","name":"Fla-shop.com","url":"https:\/\/www.fla-shop.com\/blog\/","logo":{"@type":"ImageObject","inLanguage":"en-US","@id":"https:\/\/www.fla-shop.com\/blog\/#\/schema\/logo\/image\/","url":"https:\/\/www.fla-shop.com\/blog\/wp-content\/uploads\/2017\/06\/fla-shop_twitter_logo.jpg","contentUrl":"https:\/\/www.fla-shop.com\/blog\/wp-content\/uploads\/2017\/06\/fla-shop_twitter_logo.jpg","width":128,"height":128,"caption":"Fla-shop.com"},"image":{"@id":"https:\/\/www.fla-shop.com\/blog\/#\/schema\/logo\/image\/"},"sameAs":["https:\/\/www.facebook.com\/flashopcom\/","https:\/\/x.com\/flashop","https:\/\/www.youtube.com\/user\/flashopcom"]}]}},"_links":{"self":[{"href":"https:\/\/www.fla-shop.com\/blog\/wp-json\/wp\/v2\/pages\/675","targetHints":{"allow":["GET"]}}],"collection":[{"href":"https:\/\/www.fla-shop.com\/blog\/wp-json\/wp\/v2\/pages"}],"about":[{"href":"https:\/\/www.fla-shop.com\/blog\/wp-json\/wp\/v2\/types\/page"}],"author":[{"embeddable":true,"href":"https:\/\/www.fla-shop.com\/blog\/wp-json\/wp\/v2\/users\/1"}],"replies":[{"embeddable":true,"href":"https:\/\/www.fla-shop.com\/blog\/wp-json\/wp\/v2\/comments?post=675"}],"version-history":[{"count":4,"href":"https:\/\/www.fla-shop.com\/blog\/wp-json\/wp\/v2\/pages\/675\/revisions"}],"predecessor-version":[{"id":1485,"href":"https:\/\/www.fla-shop.com\/blog\/wp-json\/wp\/v2\/pages\/675\/revisions\/1485"}],"wp:featuredmedia":[{"embeddable":true,"href":"https:\/\/www.fla-shop.com\/blog\/wp-json\/wp\/v2\/media\/1483"}],"wp:attachment":[{"href":"https:\/\/www.fla-shop.com\/blog\/wp-json\/wp\/v2\/media?parent=675"}],"curies":[{"name":"wp","href":"https:\/\/api.w.org\/{rel}","templated":true}]}}