{"id":901,"date":"2019-02-07T07:05:37","date_gmt":"2019-02-07T07:05:37","guid":{"rendered":"https:\/\/www.fla-shop.com\/blog\/?page_id=901"},"modified":"2022-05-23T09:24:28","modified_gmt":"2022-05-23T09:24:28","slug":"wordpress-vilagterkep","status":"publish","type":"page","link":"https:\/\/www.fla-shop.com\/blog\/wordpress-vilagterkep\/","title":{"rendered":"World map for WordPress in Hungarian"},"content":{"rendered":"\n<div class=\"wp-block-group article_md_block\"><div class=\"wp-block-group__inner-container is-layout-flow wp-block-group-is-layout-flow\">\n<div id=\"map-container\"><svg style=\"width:100%\" viewBox=\"0 0 600 400\" xmlns=\"http:\/\/www.w3.org\/2000\/svg\"><path d=\"M 0.0,0.0 V 400 H 600 V 0.0 Z\" fill=\"#FFFFFF\"><\/path><\/svg><\/div>\n<link rel=\"stylesheet\" href=\"\/blog\/wp-content\/uploads\/2018\/maps\/worldcountries\/map.css\">\n<script src=\"\/blog\/wp-content\/uploads\/2018\/maps\/worldcountries\/raphael.min.js\"><\/script>\n<script src=\"\/blog\/wp-content\/uploads\/2018\/maps\/worldcountries\/settings-hu.js\"><\/script>\n<script src=\"\/blog\/wp-content\/uploads\/2018\/maps\/worldcountries\/paths.js\"><\/script>\n<script src=\"\/blog\/wp-content\/uploads\/2018\/maps\/worldcountries\/map.js\"><\/script>\n<script>\nvar map = new FlaMap(map_cfg);\ndocument.getElementById('map-container').innerHTML = '';\nmap.draw('map-container');\n<\/script>\n<\/div><\/div>\n\n\n\n<p><\/p>\n\n\n\n<div class=\"wp-block-group article_sm_block\"><div class=\"wp-block-group__inner-container is-layout-flow wp-block-group-is-layout-flow\">\n<h2 class=\"wp-block-heading\">Download the language pack<\/h2>\n\n\n\n<ul class=\"article_sm_block wp-block-list\"><li>Download the file <a href=\"https:\/\/www.fla-shop.com\/download\/freebies\/language-packs\/worldcountries-hu.zip\"><strong>worldcountries-hu.zip<\/strong><\/a>.<\/li><li>Extract the <strong>worldcountries-hu.json<\/strong> file from the ZIP file.<\/li><li>Import the JSON file on the Maps Dashboard page in the plugin.<\/li><\/ul>\n\n\n\n<p>A detailed guide with screenshots can be found in the post <a href=\"https:\/\/www.fla-shop.com\/blog\/world-map-with-localized-country-names-for-wordpress-websites\/\">How to Make a World Map with Localized Country Names<\/a><\/p>\n\n\n\n<div class=\"wp-block-image\"><figure class=\"aligncenter\"><img decoding=\"async\" src=\"https:\/\/www.fla-shop.com\/blog\/wp-content\/uploads\/2019\/12\/multilingual-world-map.png\" alt=\"Multilingual World Map\"\/><\/figure><\/div>\n\n\n\n<h2 class=\"wp-block-heading\">List of country names in Hungarian<\/h2>\n\n\n\n<ul style=\"column-count: auto; column-width: 200px;\">\n\n \t<li>Afganiszt\u00e1n<\/li>\n \t<li>\u00c5land-szigetek<\/li>\n \t<li>Alb\u00e1nia<\/li>\n \t<li>Alg\u00e9ria<\/li>\n \t<li>Amerikai Szamoa<\/li>\n \t<li>Amerikai Virgin-szigetek<\/li>\n \t<li>Andorra<\/li>\n \t<li>Angola<\/li>\n \t<li>Anguilla<\/li>\n \t<li>Antarktisz<\/li>\n \t<li>Antigua \u00e9s Barbuda<\/li>\n \t<li>Argent\u00edna<\/li>\n \t<li>Aruba<\/li>\n \t<li>Ausztr\u00e1lia<\/li>\n \t<li>Ausztria<\/li>\n \t<li>Az Amerikai Egyes\u00fclt \u00c1llamok lakatlan k\u00fclbirtokai<\/li>\n \t<li>Azerbajdzs\u00e1n<\/li>\n \t<li>Bahama-szigetek<\/li>\n \t<li>Bahrein<\/li>\n \t<li>Banglades<\/li>\n \t<li>Barbados<\/li>\n \t<li>Belarusz<\/li>\n \t<li>Belgium<\/li>\n \t<li>Belize<\/li>\n \t<li>Benin<\/li>\n \t<li>Bermuda<\/li>\n \t<li>Bhut\u00e1n<\/li>\n \t<li>Bissau-Guinea<\/li>\n \t<li>Bol\u00edvia<\/li>\n \t<li>Bosznia-Hercegovina<\/li>\n \t<li>Botswana<\/li>\n \t<li>Bouvet-sziget<\/li>\n \t<li>Braz\u00edlia<\/li>\n \t<li>Brit Indiai-\u00f3ce\u00e1ni Ter\u00fclet<\/li>\n \t<li>Brit Virgin-szigetek<\/li>\n \t<li>Brunei<\/li>\n \t<li>Bulg\u00e1ria<\/li>\n \t<li>Burkina Faso<\/li>\n \t<li>Burundi<\/li>\n \t<li>Chile<\/li>\n \t<li>Ciprus<\/li>\n \t<li>Comore-szigetek<\/li>\n \t<li>Cook-szigetek<\/li>\n \t<li>Costa Rica<\/li>\n \t<li>Cs\u00e1d<\/li>\n \t<li>Csehorsz\u00e1g<\/li>\n \t<li>Cura\u00e7ao<\/li>\n \t<li>D\u00e1nia<\/li>\n \t<li>D\u00e9l-afrikai K\u00f6zt\u00e1rsas\u00e1g<\/li>\n \t<li>D\u00e9li-Georgia \u00e9s D\u00e9li-Sandwich-szigetek<\/li>\n \t<li>D\u00e9l-Korea<\/li>\n \t<li>D\u00e9l-Szud\u00e1n<\/li>\n \t<li>Dominika<\/li>\n \t<li>Dominikai K\u00f6zt\u00e1rsas\u00e1g<\/li>\n \t<li>Dzsibuti<\/li>\n \t<li>Ecuador<\/li>\n \t<li>Egyenl\u00edt\u0151i-Guinea<\/li>\n \t<li>Egyes\u00fclt \u00c1llamok<\/li>\n \t<li>Egyes\u00fclt Arab Em\u00edrs\u00e9gek<\/li>\n \t<li>Egyes\u00fclt Kir\u00e1lys\u00e1g<\/li>\n \t<li>Egyiptom<\/li>\n \t<li>Elef\u00e1ntcsontpart<\/li>\n \t<li>Eritrea<\/li>\n \t<li>\u00c9szaki Mariana-szigetek<\/li>\n \t<li>\u00c9szak-Korea<\/li>\n \t<li>\u00c9sztorsz\u00e1g<\/li>\n \t<li>Eti\u00f3pia<\/li>\n \t<li>Falkland-szigetek<\/li>\n \t<li>Fer\u00f6er-szigetek<\/li>\n \t<li>Fidzsi<\/li>\n \t<li>Finnorsz\u00e1g<\/li>\n \t<li>Francia D\u00e9li Ter\u00fcletek<\/li>\n \t<li>Francia Guyana<\/li>\n \t<li>Francia Polin\u00e9zia<\/li>\n \t<li>Franciaorsz\u00e1g<\/li>\n \t<li>F\u00fcl\u00f6p-szigetek<\/li>\n \t<li>Gabon<\/li>\n \t<li>Gambia<\/li>\n \t<li>G\u00e1zai \u00f6vezet<\/li>\n \t<li>Gh\u00e1na<\/li>\n \t<li>Gibralt\u00e1r<\/li>\n \t<li>G\u00f6r\u00f6gorsz\u00e1g<\/li>\n \t<li>Grenada<\/li>\n \t<li>Gr\u00f6nland<\/li>\n \t<li>Gr\u00fazia<\/li>\n \t<li>Guadeloupe<\/li>\n \t<li>Guam<\/li>\n \t<li>Guatemala<\/li>\n \t<li>Guernsey<\/li>\n \t<li>Guinea<\/li>\n \t<li>Guyana<\/li>\n \t<li>Haiti<\/li>\n \t<li>Heard-sziget \u00e9s McDonald-szigetek<\/li>\n \t<li>Holland Karib-t\u00e9rs\u00e9g<\/li>\n \t<li>Hollandia<\/li>\n \t<li>Honduras<\/li>\n \t<li>Hongkong KKT<\/li>\n \t<li>Horv\u00e1torsz\u00e1g<\/li>\n \t<li>India<\/li>\n \t<li>Indon\u00e9zia<\/li>\n \t<li>Irak<\/li>\n \t<li>Ir\u00e1n<\/li>\n \t<li>\u00cdrorsz\u00e1g<\/li>\n \t<li>Izland<\/li>\n \t<li>Izrael<\/li>\n \t<li>Jamaica<\/li>\n \t<li>Jap\u00e1n<\/li>\n \t<li>Jemen<\/li>\n \t<li>Jersey<\/li>\n \t<li>Jord\u00e1nia<\/li>\n \t<li>Kajm\u00e1n-szigetek<\/li>\n \t<li>Kambodzsa<\/li>\n \t<li>Kamerun<\/li>\n \t<li>Kanada<\/li>\n \t<li>Kar\u00e1csony-sziget<\/li>\n \t<li>Katar<\/li>\n \t<li>Kazahszt\u00e1n<\/li>\n \t<li>Kelet-Timor<\/li>\n \t<li>Kenya<\/li>\n \t<li>K\u00edna<\/li>\n \t<li>Kirgiziszt\u00e1n<\/li>\n \t<li>Kiribati<\/li>\n \t<li>K\u00f3kusz (Keeling)-szigetek<\/li>\n \t<li>Kolumbia<\/li>\n \t<li>Kong\u00f3 &#8211; Brazzaville<\/li>\n \t<li>Kong\u00f3 &#8211; Kinshasa<\/li>\n \t<li>Koszov\u00f3<\/li>\n \t<li>K\u00f6z\u00e9p-afrikai K\u00f6zt\u00e1rsas\u00e1g<\/li>\n \t<li>Kuba<\/li>\n \t<li>Kuvait<\/li>\n \t<li>Laosz<\/li>\n \t<li>Lengyelorsz\u00e1g<\/li>\n \t<li>Lesotho<\/li>\n \t<li>Lettorsz\u00e1g<\/li>\n \t<li>Libanon<\/li>\n \t<li>Lib\u00e9ria<\/li>\n \t<li>L\u00edbia<\/li>\n \t<li>Liechtenstein<\/li>\n \t<li>Litv\u00e1nia<\/li>\n \t<li>Luxemburg<\/li>\n \t<li>Maced\u00f3nia<\/li>\n \t<li>Madagaszk\u00e1r<\/li>\n \t<li>Magyarorsz\u00e1g<\/li>\n \t<li>Maka\u00f3 KKT<\/li>\n \t<li>Malajzia<\/li>\n \t<li>Malawi<\/li>\n \t<li>Mald\u00edv-szigetek<\/li>\n \t<li>Mali<\/li>\n \t<li>M\u00e1lta<\/li>\n \t<li>Man-sziget<\/li>\n \t<li>Marokk\u00f3<\/li>\n \t<li>Marshall-szigetek<\/li>\n \t<li>Martinique<\/li>\n \t<li>Maurit\u00e1nia<\/li>\n \t<li>Mauritius<\/li>\n \t<li>Mayotte<\/li>\n \t<li>Mexik\u00f3<\/li>\n \t<li>Mianmar (Burma)<\/li>\n \t<li>Mikron\u00e9zia<\/li>\n \t<li>Moldova<\/li>\n \t<li>Monaco<\/li>\n \t<li>Mong\u00f3lia<\/li>\n \t<li>Montenegr\u00f3<\/li>\n \t<li>Montserrat<\/li>\n \t<li>Mozambik<\/li>\n \t<li>Nam\u00edbia<\/li>\n \t<li>Nauru<\/li>\n \t<li>N\u00e9metorsz\u00e1g<\/li>\n \t<li>Nep\u00e1l<\/li>\n \t<li>Nicaragua<\/li>\n \t<li>Niger<\/li>\n \t<li>Nig\u00e9ria<\/li>\n \t<li>Niue<\/li>\n \t<li>Norfolk-sziget<\/li>\n \t<li>Norv\u00e9gia<\/li>\n \t<li>Nyugat-Szahara<\/li>\n \t<li>Olaszorsz\u00e1g<\/li>\n \t<li>Om\u00e1n<\/li>\n \t<li>\u00d6rm\u00e9nyorsz\u00e1g<\/li>\n \t<li>Oroszorsz\u00e1g<\/li>\n \t<li>Pakiszt\u00e1n<\/li>\n \t<li>Palau<\/li>\n \t<li>Palesztin Ter\u00fclet<\/li>\n \t<li>Panama<\/li>\n \t<li>P\u00e1pua \u00daj-Guinea<\/li>\n \t<li>Paraguay<\/li>\n \t<li>Peru<\/li>\n \t<li>Pitcairn-szigetek<\/li>\n \t<li>Portug\u00e1lia<\/li>\n \t<li>Puerto Rico<\/li>\n \t<li>R\u00e9union<\/li>\n \t<li>Rom\u00e1nia<\/li>\n \t<li>Ruanda<\/li>\n \t<li>Saint Kitts \u00e9s Nevis<\/li>\n \t<li>Saint Lucia<\/li>\n \t<li>Saint Martin<\/li>\n \t<li>Saint Vincent \u00e9s a Grenadine-szigetek<\/li>\n \t<li>Saint-Barth\u00e9lemy<\/li>\n \t<li>Saint-Pierre \u00e9s Miquelon<\/li>\n \t<li>Salamon-szigetek<\/li>\n \t<li>Salvador<\/li>\n \t<li>San Marino<\/li>\n \t<li>Sao Tom\u00e9 \u00e9s Pr\u00edncipe<\/li>\n \t<li>Seychelle-szigetek<\/li>\n \t<li>Sierra Leone<\/li>\n \t<li>Sint Maarten<\/li>\n \t<li>Spanyolorsz\u00e1g<\/li>\n \t<li>Sr\u00ed Lanka<\/li>\n \t<li>Suriname<\/li>\n \t<li>Sv\u00e1jc<\/li>\n \t<li>Svalbard \u00e9s Jan Mayen<\/li>\n \t<li>Sv\u00e9dorsz\u00e1g<\/li>\n \t<li>Szamoa<\/li>\n \t<li>Sza\u00fad-Ar\u00e1bia<\/li>\n \t<li>Szeneg\u00e1l<\/li>\n \t<li>Szent Ilona<\/li>\n \t<li>Szerbia<\/li>\n \t<li>Szingap\u00far<\/li>\n \t<li>Sz\u00edria<\/li>\n \t<li>Szlov\u00e1kia<\/li>\n \t<li>Szlov\u00e9nia<\/li>\n \t<li>Szom\u00e1lia<\/li>\n \t<li>Szud\u00e1n<\/li>\n \t<li>Szv\u00e1zif\u00f6ld<\/li>\n \t<li>T\u00e1dzsikiszt\u00e1n<\/li>\n \t<li>Tajvan<\/li>\n \t<li>Tanz\u00e1nia<\/li>\n \t<li>Thaif\u00f6ld<\/li>\n \t<li>Togo<\/li>\n \t<li>Tokelau<\/li>\n \t<li>Tonga<\/li>\n \t<li>T\u00f6r\u00f6korsz\u00e1g<\/li>\n \t<li>Trinidad \u00e9s Tobago<\/li>\n \t<li>Tun\u00e9zia<\/li>\n \t<li>T\u00fcrkmeniszt\u00e1n<\/li>\n \t<li>Turks- \u00e9s Caicos-szigetek<\/li>\n \t<li>Tuvalu<\/li>\n \t<li>Uganda<\/li>\n \t<li>\u00daj-Kaled\u00f3nia<\/li>\n \t<li>\u00daj-Z\u00e9land<\/li>\n \t<li>Ukrajna<\/li>\n \t<li>Uruguay<\/li>\n \t<li>\u00dczbegiszt\u00e1n<\/li>\n \t<li>Vanuatu<\/li>\n \t<li>Vatik\u00e1n<\/li>\n \t<li>Venezuela<\/li>\n \t<li>Vietnam<\/li>\n \t<li>Wallis \u00e9s Futuna<\/li>\n \t<li>Zambia<\/li>\n \t<li>Zimbabwe<\/li>\n \t<li>Z\u00f6ld-foki K\u00f6zt\u00e1rsas\u00e1g<\/li>\n\n<\/ul>\n\n\n\n<p class=\"has-text-align-center\"><a class=\"greenbutton\" href=\"https:\/\/www.fla-shop.com\/products\/wp-plugins\/world\/countries\/\">Download the Interactive World Map for WordPress<\/a><\/p>\n<\/div><\/div>\n","protected":false},"excerpt":{"rendered":"<p>Download the language pack Download the file worldcountries-hu.zip. Extract the worldcountries-hu.json file from the ZIP file. Import the JSON file on the Maps Dashboard page in the plugin. A detailed guide with screenshots can be found in the post How&#8230;<\/p>\n","protected":false},"author":1,"featured_media":1516,"parent":0,"menu_order":0,"comment_status":"closed","ping_status":"closed","template":"post1.php","meta":{"_acf_changed":false,"footnotes":""},"class_list":["post-901","page","type-page","status-publish","has-post-thumbnail","hentry"],"acf":[],"yoast_head":"<!-- This site is optimized with the Yoast SEO plugin v27.5 - https:\/\/yoast.com\/product\/yoast-seo-wordpress\/ -->\n<title>WordPress Vil\u00e1gt\u00e9rk\u00e9p. Download the free language pack.<\/title>\n<meta name=\"description\" content=\"Is your WordPress site for a Hungarian-speaking audience? Create a world map with the names of countries in Hungarian! WordPress Vil\u00e1gt\u00e9rk\u00e9p.\" \/>\n<meta name=\"robots\" content=\"noindex, follow\" \/>\n<meta property=\"og:locale\" content=\"en_US\" \/>\n<meta property=\"og:type\" content=\"article\" \/>\n<meta property=\"og:title\" content=\"WordPress Vil\u00e1gt\u00e9rk\u00e9p. Download the free language pack.\" \/>\n<meta property=\"og:description\" content=\"Is your WordPress site for a Hungarian-speaking audience? Create a world map with the names of countries in Hungarian! WordPress Vil\u00e1gt\u00e9rk\u00e9p.\" \/>\n<meta property=\"og:url\" content=\"https:\/\/www.fla-shop.com\/blog\/wordpress-vilagterkep\/\" \/>\n<meta property=\"og:site_name\" content=\"Fla-Shop.com\" \/>\n<meta property=\"article:publisher\" content=\"https:\/\/www.facebook.com\/flashopcom\/\" \/>\n<meta property=\"article:modified_time\" content=\"2022-05-23T09:24:28+00:00\" \/>\n<meta property=\"og:image\" content=\"https:\/\/www.fla-shop.com\/blog\/wp-content\/uploads\/2022\/05\/world-map-hu.png\" \/>\n\t<meta property=\"og:image:width\" content=\"1200\" \/>\n\t<meta property=\"og:image:height\" content=\"630\" \/>\n\t<meta property=\"og:image:type\" content=\"image\/png\" \/>\n<meta name=\"twitter:card\" content=\"summary_large_image\" \/>\n<meta name=\"twitter:site\" content=\"@flashop\" \/>\n<meta name=\"twitter:label1\" content=\"Est. reading time\" \/>\n\t<meta name=\"twitter:data1\" content=\"2 minutes\" \/>\n<script type=\"application\/ld+json\" class=\"yoast-schema-graph\">{\"@context\":\"https:\\\/\\\/schema.org\",\"@graph\":[{\"@type\":\"WebPage\",\"@id\":\"https:\\\/\\\/www.fla-shop.com\\\/blog\\\/wordpress-vilagterkep\\\/\",\"url\":\"https:\\\/\\\/www.fla-shop.com\\\/blog\\\/wordpress-vilagterkep\\\/\",\"name\":\"WordPress Vil\u00e1gt\u00e9rk\u00e9p. Download the free language pack.\",\"isPartOf\":{\"@id\":\"https:\\\/\\\/www.fla-shop.com\\\/blog\\\/#website\"},\"primaryImageOfPage\":{\"@id\":\"https:\\\/\\\/www.fla-shop.com\\\/blog\\\/wordpress-vilagterkep\\\/#primaryimage\"},\"image\":{\"@id\":\"https:\\\/\\\/www.fla-shop.com\\\/blog\\\/wordpress-vilagterkep\\\/#primaryimage\"},\"thumbnailUrl\":\"https:\\\/\\\/www.fla-shop.com\\\/blog\\\/wp-content\\\/uploads\\\/2022\\\/05\\\/world-map-hu.png\",\"datePublished\":\"2019-02-07T07:05:37+00:00\",\"dateModified\":\"2022-05-23T09:24:28+00:00\",\"description\":\"Is your WordPress site for a Hungarian-speaking audience? Create a world map with the names of countries in Hungarian! WordPress Vil\u00e1gt\u00e9rk\u00e9p.\",\"breadcrumb\":{\"@id\":\"https:\\\/\\\/www.fla-shop.com\\\/blog\\\/wordpress-vilagterkep\\\/#breadcrumb\"},\"inLanguage\":\"en-US\",\"potentialAction\":[{\"@type\":\"ReadAction\",\"target\":[\"https:\\\/\\\/www.fla-shop.com\\\/blog\\\/wordpress-vilagterkep\\\/\"]}]},{\"@type\":\"ImageObject\",\"inLanguage\":\"en-US\",\"@id\":\"https:\\\/\\\/www.fla-shop.com\\\/blog\\\/wordpress-vilagterkep\\\/#primaryimage\",\"url\":\"https:\\\/\\\/www.fla-shop.com\\\/blog\\\/wp-content\\\/uploads\\\/2022\\\/05\\\/world-map-hu.png\",\"contentUrl\":\"https:\\\/\\\/www.fla-shop.com\\\/blog\\\/wp-content\\\/uploads\\\/2022\\\/05\\\/world-map-hu.png\",\"width\":1200,\"height\":630},{\"@type\":\"BreadcrumbList\",\"@id\":\"https:\\\/\\\/www.fla-shop.com\\\/blog\\\/wordpress-vilagterkep\\\/#breadcrumb\",\"itemListElement\":[{\"@type\":\"ListItem\",\"position\":1,\"name\":\"Blog\",\"item\":\"https:\\\/\\\/www.fla-shop.com\\\/blog\\\/\"},{\"@type\":\"ListItem\",\"position\":2,\"name\":\"World map for WordPress in Hungarian\"}]},{\"@type\":\"WebSite\",\"@id\":\"https:\\\/\\\/www.fla-shop.com\\\/blog\\\/#website\",\"url\":\"https:\\\/\\\/www.fla-shop.com\\\/blog\\\/\",\"name\":\"Fla-Shop.com\",\"description\":\"Interactive Maps, HTML5, WordPress, Map Use-cases \u2013 Fla-shop.com blog\",\"publisher\":{\"@id\":\"https:\\\/\\\/www.fla-shop.com\\\/blog\\\/#organization\"},\"potentialAction\":[{\"@type\":\"SearchAction\",\"target\":{\"@type\":\"EntryPoint\",\"urlTemplate\":\"https:\\\/\\\/www.fla-shop.com\\\/blog\\\/?s={search_term_string}\"},\"query-input\":{\"@type\":\"PropertyValueSpecification\",\"valueRequired\":true,\"valueName\":\"search_term_string\"}}],\"inLanguage\":\"en-US\"},{\"@type\":\"Organization\",\"@id\":\"https:\\\/\\\/www.fla-shop.com\\\/blog\\\/#organization\",\"name\":\"Fla-shop.com\",\"url\":\"https:\\\/\\\/www.fla-shop.com\\\/blog\\\/\",\"logo\":{\"@type\":\"ImageObject\",\"inLanguage\":\"en-US\",\"@id\":\"https:\\\/\\\/www.fla-shop.com\\\/blog\\\/#\\\/schema\\\/logo\\\/image\\\/\",\"url\":\"https:\\\/\\\/www.fla-shop.com\\\/blog\\\/wp-content\\\/uploads\\\/2017\\\/06\\\/fla-shop_twitter_logo.jpg\",\"contentUrl\":\"https:\\\/\\\/www.fla-shop.com\\\/blog\\\/wp-content\\\/uploads\\\/2017\\\/06\\\/fla-shop_twitter_logo.jpg\",\"width\":128,\"height\":128,\"caption\":\"Fla-shop.com\"},\"image\":{\"@id\":\"https:\\\/\\\/www.fla-shop.com\\\/blog\\\/#\\\/schema\\\/logo\\\/image\\\/\"},\"sameAs\":[\"https:\\\/\\\/www.facebook.com\\\/flashopcom\\\/\",\"https:\\\/\\\/x.com\\\/flashop\",\"https:\\\/\\\/www.youtube.com\\\/user\\\/flashopcom\"]}]}<\/script>\n<!-- \/ Yoast SEO plugin. -->","yoast_head_json":{"title":"WordPress Vil\u00e1gt\u00e9rk\u00e9p. Download the free language pack.","description":"Is your WordPress site for a Hungarian-speaking audience? Create a world map with the names of countries in Hungarian! WordPress Vil\u00e1gt\u00e9rk\u00e9p.","robots":{"index":"noindex","follow":"follow"},"og_locale":"en_US","og_type":"article","og_title":"WordPress Vil\u00e1gt\u00e9rk\u00e9p. Download the free language pack.","og_description":"Is your WordPress site for a Hungarian-speaking audience? Create a world map with the names of countries in Hungarian! WordPress Vil\u00e1gt\u00e9rk\u00e9p.","og_url":"https:\/\/www.fla-shop.com\/blog\/wordpress-vilagterkep\/","og_site_name":"Fla-Shop.com","article_publisher":"https:\/\/www.facebook.com\/flashopcom\/","article_modified_time":"2022-05-23T09:24:28+00:00","og_image":[{"width":1200,"height":630,"url":"https:\/\/www.fla-shop.com\/blog\/wp-content\/uploads\/2022\/05\/world-map-hu.png","type":"image\/png"}],"twitter_card":"summary_large_image","twitter_site":"@flashop","twitter_misc":{"Est. reading time":"2 minutes"},"schema":{"@context":"https:\/\/schema.org","@graph":[{"@type":"WebPage","@id":"https:\/\/www.fla-shop.com\/blog\/wordpress-vilagterkep\/","url":"https:\/\/www.fla-shop.com\/blog\/wordpress-vilagterkep\/","name":"WordPress Vil\u00e1gt\u00e9rk\u00e9p. Download the free language pack.","isPartOf":{"@id":"https:\/\/www.fla-shop.com\/blog\/#website"},"primaryImageOfPage":{"@id":"https:\/\/www.fla-shop.com\/blog\/wordpress-vilagterkep\/#primaryimage"},"image":{"@id":"https:\/\/www.fla-shop.com\/blog\/wordpress-vilagterkep\/#primaryimage"},"thumbnailUrl":"https:\/\/www.fla-shop.com\/blog\/wp-content\/uploads\/2022\/05\/world-map-hu.png","datePublished":"2019-02-07T07:05:37+00:00","dateModified":"2022-05-23T09:24:28+00:00","description":"Is your WordPress site for a Hungarian-speaking audience? Create a world map with the names of countries in Hungarian! WordPress Vil\u00e1gt\u00e9rk\u00e9p.","breadcrumb":{"@id":"https:\/\/www.fla-shop.com\/blog\/wordpress-vilagterkep\/#breadcrumb"},"inLanguage":"en-US","potentialAction":[{"@type":"ReadAction","target":["https:\/\/www.fla-shop.com\/blog\/wordpress-vilagterkep\/"]}]},{"@type":"ImageObject","inLanguage":"en-US","@id":"https:\/\/www.fla-shop.com\/blog\/wordpress-vilagterkep\/#primaryimage","url":"https:\/\/www.fla-shop.com\/blog\/wp-content\/uploads\/2022\/05\/world-map-hu.png","contentUrl":"https:\/\/www.fla-shop.com\/blog\/wp-content\/uploads\/2022\/05\/world-map-hu.png","width":1200,"height":630},{"@type":"BreadcrumbList","@id":"https:\/\/www.fla-shop.com\/blog\/wordpress-vilagterkep\/#breadcrumb","itemListElement":[{"@type":"ListItem","position":1,"name":"Blog","item":"https:\/\/www.fla-shop.com\/blog\/"},{"@type":"ListItem","position":2,"name":"World map for WordPress in Hungarian"}]},{"@type":"WebSite","@id":"https:\/\/www.fla-shop.com\/blog\/#website","url":"https:\/\/www.fla-shop.com\/blog\/","name":"Fla-Shop.com","description":"Interactive Maps, HTML5, WordPress, Map Use-cases \u2013 Fla-shop.com blog","publisher":{"@id":"https:\/\/www.fla-shop.com\/blog\/#organization"},"potentialAction":[{"@type":"SearchAction","target":{"@type":"EntryPoint","urlTemplate":"https:\/\/www.fla-shop.com\/blog\/?s={search_term_string}"},"query-input":{"@type":"PropertyValueSpecification","valueRequired":true,"valueName":"search_term_string"}}],"inLanguage":"en-US"},{"@type":"Organization","@id":"https:\/\/www.fla-shop.com\/blog\/#organization","name":"Fla-shop.com","url":"https:\/\/www.fla-shop.com\/blog\/","logo":{"@type":"ImageObject","inLanguage":"en-US","@id":"https:\/\/www.fla-shop.com\/blog\/#\/schema\/logo\/image\/","url":"https:\/\/www.fla-shop.com\/blog\/wp-content\/uploads\/2017\/06\/fla-shop_twitter_logo.jpg","contentUrl":"https:\/\/www.fla-shop.com\/blog\/wp-content\/uploads\/2017\/06\/fla-shop_twitter_logo.jpg","width":128,"height":128,"caption":"Fla-shop.com"},"image":{"@id":"https:\/\/www.fla-shop.com\/blog\/#\/schema\/logo\/image\/"},"sameAs":["https:\/\/www.facebook.com\/flashopcom\/","https:\/\/x.com\/flashop","https:\/\/www.youtube.com\/user\/flashopcom"]}]}},"_links":{"self":[{"href":"https:\/\/www.fla-shop.com\/blog\/wp-json\/wp\/v2\/pages\/901","targetHints":{"allow":["GET"]}}],"collection":[{"href":"https:\/\/www.fla-shop.com\/blog\/wp-json\/wp\/v2\/pages"}],"about":[{"href":"https:\/\/www.fla-shop.com\/blog\/wp-json\/wp\/v2\/types\/page"}],"author":[{"embeddable":true,"href":"https:\/\/www.fla-shop.com\/blog\/wp-json\/wp\/v2\/users\/1"}],"replies":[{"embeddable":true,"href":"https:\/\/www.fla-shop.com\/blog\/wp-json\/wp\/v2\/comments?post=901"}],"version-history":[{"count":4,"href":"https:\/\/www.fla-shop.com\/blog\/wp-json\/wp\/v2\/pages\/901\/revisions"}],"predecessor-version":[{"id":1518,"href":"https:\/\/www.fla-shop.com\/blog\/wp-json\/wp\/v2\/pages\/901\/revisions\/1518"}],"wp:featuredmedia":[{"embeddable":true,"href":"https:\/\/www.fla-shop.com\/blog\/wp-json\/wp\/v2\/media\/1516"}],"wp:attachment":[{"href":"https:\/\/www.fla-shop.com\/blog\/wp-json\/wp\/v2\/media?parent=901"}],"curies":[{"name":"wp","href":"https:\/\/api.w.org\/{rel}","templated":true}]}}